{"id":1465,"date":"2022-03-16T17:09:51","date_gmt":"2022-03-16T16:09:51","guid":{"rendered":"https:\/\/www.beeping.si\/?page_id=1465"},"modified":"2022-04-20T10:15:43","modified_gmt":"2022-04-20T08:15:43","slug":"splosna-uredba-o-varstvu-zasebnosti","status":"publish","type":"page","link":"https:\/\/www.beeping.si\/it\/splosna-uredba-o-varstvu-zasebnosti\/","title":{"rendered":"Regolamento generale sulla protezione dei dati"},"content":{"rendered":"<h4 class=\"wp-block-heading\">Vizija zasebnosti<\/h4>\n\n\n\n<p>V sodobni dru\u017ebi je pravica do zasebnosti ena najpomembnej\u0161ih \u010dlovekovih pravic. V Next d.o.o., se tega zavedamo in spo\u0161tujemo zasebnost na\u0161ih strank, zato z njihovimi osebnimi podatki ravnamo odgovorno, pazljivo in skladno z v Republiki Sloveniji veljavnimi predpisi ter internimi akti dru\u017ebe Next d.o.o.. Dostop do osebnih podatkov je dovoljen le poobla\u0161\u010denim zaposlenim in pogodbenim obdelovalcem, v obsegu in z namenom, ki je nujno potreben za nemoteno izvajanje delovnih procesov, zagotavljanje storitev dru\u017ebe in izpolnjevanje pravic in obveznosti iz sklenjenih pogodbenih razmerij s stranko.<\/p>\n\n\n\n<h4 class=\"wp-block-heading\"><strong>Predstavitev upravljavca<\/strong><\/h4>\n\n\n\n<p>Next d.o.o., Einspielerjeva ulica 6, 1000 Ljubljana, (v nadaljevanju: Next d.o.o.) je spletna platforma, ki povezuje \u010distilce z urejenimi pravnimi statusi in povpra\u0161evalce po storitvah \u010di\u0161\u010denja na enem mestu. Osrednjo poslovno dejavnost dru\u017ebe predstavlja nemoteno povezovanje ponudbe in povpra\u0161evanja (marketplace) po storitvah \u010di\u0161\u010denja domov. Next d.o.o. Posluje preko blagovne znamke Beeping, ki pa je trenutno prisotna tudi na Hrva\u0161kem trgu z \u017eeljo po nadaljni \u0161iritvi. Dejavnost dru\u017ebe je usmerjena k spletni optimizaciji, podpori strankam preko enotnega sistema, marketin\u0161ki dejavnosti in zagotavljanju nemotenega povezovanja obeh strani trga.<\/p>\n\n\n\n<p>Na\u0161im strankam ponujamo poleg rednega vzdr\u017eevalnega \u010di\u0161\u010denja tudi mo\u017enost dodatnih storitev kot so \u010di\u0161\u010denje notranjosti hladilnika, \u010di\u0161\u010denje notranjosti pe\u010dice, \u010di\u0161\u010denje oken in \u010di\u0161\u010denje kuhinjske omarice z jedilnim servisom. Poleg mo\u017enosti enkratnega naro\u010danja, kjer stranke lahko same v nekaj minutah oddajo naro\u010dilo preko spletne platforme ponujamo tudi naro\u010dni\u0161ki paket Beeping Premium, ki prina\u0161a dodatne ugodnosti (mo\u017enost stalnega \u010distilca, mo\u017enost stalnega termina, osebni asistent, ve\u010dje cenovne ugodnosti in darilne pakete).<\/p>\n\n\n\n<p>Misija dru\u017ebe je zagotavljanje kvalitetne in standardizirane re\u0161itve, ki z garancijo, zavarovanjem lastnine med \u010di\u0161\u010denjem in dru\u017ebeno odgovornostjo strankam ponudi zaupanja vredno storitev. \u010cistilcem z dejavnostjo pa po drugi strani omogo\u010damo dodatno finan\u010dno stabilnost, zavarovanje v primeru \u0161kode na stvareh med \u010di\u0161\u010denjem (razbremenitev odgovornosti) in popolno opremo visoke kvalitete.<\/p>\n\n\n\n<p>V dru\u017ebi Next d.o.o. se zavedamo pomena varstva osebnih podatkov. Na\u0161e stranke so za nas dragocene, razumemo njihovo skrb za zasebnost in z njihovimi osebnimi podatki ravnamo odgovorno. V celoti spo\u0161tujemo na\u0161e zaveze po zakoniti, po\u0161teni in pregledni obdelavi osebnih podatkov. Prav tako z ustreznimi ukrepi zavarovanja skrbimo, da do osebnih podatkov ne dostopajo nepoobla\u0161\u010dene osebe, ohranjamo njihovo zaupnost in celovitost ter prepre\u010dujemo njihovo izgubo oziroma nenamerno uni\u010denje ves \u010das obdelave.<\/p>\n\n\n\n<h4 class=\"wp-block-heading\"><strong>Poobla\u0161\u010dena oseba za varstvo osebnih podatkov<\/strong><\/h4>\n\n\n\n<p>Next d.o.o. ima osebo poobla\u0161\u010deno za varstvo osebnih podatkov, ki je dosegljiva po elektronski po\u0161ti na naslovu info@beeping.si oz. navadni po\u0161ti na naslov Next d.o.o., Einspielerjeva ulica 6, 1000 Ljubljana, s pripisom \u00bbza DPO\u00ab. Podatki o poobla\u0161\u010deni osebi so objavljeni na spletni strani, pod razdelkom Varstvo zasebnosti &#8211; GDPR.<\/p>\n\n\n\n<p>Posamezniki, na katere se nana\u0161ajo osebni podatki, lahko s poobla\u0161\u010deno osebo za varstvo podatkov sami stopijo v stik glede vseh vpra\u0161anj, povezanih z obdelavo njihovih osebnih podatkov in uresni\u010devanjem njihovih pravic na podlagi veljavnih predpisov, ki urejajo varstvo osebnih podatkov.<\/p>\n\n\n\n<h4 class=\"wp-block-heading\"><strong>Nameni obdelave osebnih podatkov<\/strong><\/h4>\n\n\n\n<ol class=\"wp-block-list\"><li>a) Next d.o.o. osebne podatke strank obdeluje v okviru in za namen&nbsp;izvajanja pogodb&nbsp;kot je opravljanje dogovorjenega obsega dela uporabnika storitev. Znotraj izvajanj pogodbe se \u0161teje opravljanje rednega \u010di\u0161\u010denja z mo\u017enostjo dodatnega \u010di\u0161\u010denja po izbiri stranke. Dostop do podatkov namenjenih za izvajanje pogodb je omogo\u010den v obsegu potrebnem za izvedbo tudi \u010distilcem, ki preko Beeping platforme sprejemajo naro\u010dila. &nbsp;<\/li><\/ol>\n\n\n\n<p>Varnost osebnih podatkov ob nakupu je zagotovljena tudi z upo\u0161tevanjem veljavnih zakonskih obveznosti in priporo\u010dil slovenske ter mednarodne zveze potro\u0161nikov.<\/p>\n\n\n\n<ol class=\"wp-block-list\"><li>b) Next d.o.o. na osnovi&nbsp;zakonitega interesa&nbsp;obdeluje osebne podatke za namen zmanj\u0161evanja tveganj vdorov na njegovo spletno stran (zagotavljanje informacijske varnosti, zmanj\u0161evanje tveganj nepoobla\u0161\u010denega dostopa do pomembnih poslovnih informacij, osebnih podatkov in informacijskega sistema Next d.o.o.), in za namene izvajanja analiz osebnih podatkov za uravnavanje poslovnega tveganja ter optimiziranja poslovnih odlo\u010ditev (varstvo ekonomskih interesov Next d.o.o.) ter za statisti\u010dne obdelave namenjene pripravi poro\u010dil poslovodstvu, pri \u010demer so v poro\u010dilih vselej vsebovani le anonimiziranimi podatki.<\/li><li>c) Next d.o.o. v dolo\u010denih primerih zapro\u0161a svoje stranke in druge posameznike za podajo&nbsp;privolitev&nbsp;v obdelavo njihovih osebnih podatkov za ocenjevanje nekaterih osebnih vidikov v zvezi s posameznikom, zlasti za analizo ekonomskega polo\u017eaja, osebnega okusa, interesov, in vedenja, tega posameznika (profiliranje) za namen izdelave in predstavitev posamezniku prilagojenih ponudb blaga in storitev vklju\u010dno z obve\u0161\u010danjem oz. neposrednim tr\u017eenjem ter za namen izvajanja tr\u017eenjskih raziskav. V teh primerih obdelava osebnih podatkov poteka v okviru s&nbsp;posameznikovo izjavo&nbsp;dopu\u0161\u010denega obsega osebnih podatkov, namena in dogovorjenih kanalov obve\u0161\u010danja, vse do preklica.<\/li><li>d) Next d.o.o. zbira osebne podatke tudi ob obisku njegovih spletnih strani, prek&nbsp;pi\u0161kotkov, za namene zagotavljanja bolj\u0161e funkcionalnosti in uporabni\u0161ke izku\u0161nje, varnosti, nemotenega delovanja spletnih strani oz. portala ter \u0161tetja uporabnikov na spletnem mestu oz. portalu. Next d.o.o. uporablja naslednje pi\u0161kotke:<\/li><\/ol>\n\n\n\n<p><strong>Skupina 1<\/strong>: so klju\u010dni in brez njih posamezna spletna stran oz. spletni portal v lasti oz. upravljanju Next d.o.o., ne bo deloval, kot bi moral. Nastavijo se, ko posameznik odda obrazec, se prijavi ali opravi kakr\u0161nokoli interakcijo s spletno stranjo, ki gre preko klikanja na enostavne povezave.<\/p>\n\n\n\n<p><strong>Skupina 2<\/strong>: z njimi Next d.o.o. analizira promet na posamezni spletni strani oz. portalu, da lahko izbolj\u0161a uporabni\u0161ko izku\u0161njo. Posameznik sprejme pi\u0161kot s klikom na gumb na spletni strani oz. z nadaljevanjem aktivnega brskanja po spletni strani, ki ga izvede po prejemu obvestila o pi\u0161kotkih.<\/p>\n\n\n\n<p><strong>Skupina 3<\/strong>: so pi\u0161kotki partnerskih storitev, kot so: Facebook, Twitter, Google idr. \u010ce se z uporabo teh posameznik ne strinja, se pi\u0161kotki ne bodo namestili, lahko pa se zgodi, da zato nekatere zanimive funkcije posameznega spletnega mesta ne bodo na voljo. Ve\u010d glede uporabe pi\u0161kotkov, si lahko preberete na spletni strani: <a href=\"https:\/\/www.beeping.si\/it\/pravilnik-o-zasebnosti\/\">https:\/\/www.beeping.si\/pravilnik-o-zasebnosti\/<\/a><\/p>\n\n\n\n<h4 class=\"wp-block-heading\"><strong>Obdelovalci osebnih podatkov in morebitni prenos osebnih podatkov v tretje dr\u017eave<\/strong><\/h4>\n\n\n\n<p>Poleg Next d.o.o. (njegovih zaposlenih) osebne podatke v njegovem imenu in za njegov ra\u010dun obdelujejo tudi obdelovalci, kot so podjetja, ki Next d.o.o. nudijo tehni\u010dno podporo pri obdelavi osebnih podatkov, kot na primer izdelovalci in vzdr\u017eevalci ra\u010dunalni\u0161kih aplikacij, spletnih mest in informacijskih storitev, razvijalci in uvajalci programskih re\u0161itev in obdelovalci, ki jih Next d.o.o. anga\u017eira za zagotavljanje storitev, potrebnih za izvajanje pogodb, kot so na primer \u010distilci oz. izvajalci Next d.o.o. storitev, zavarovalnice, tr\u017eenjska, raziskovalna in analiti\u010dna podjetja, zunanje agencije za marketing ter organizatorji dogodkov.<\/p>\n\n\n\n<p><strong>Pravice posameznikov&nbsp;<\/strong><\/p>\n\n\n\n<p>S pisno zahtevo, poslano na naslov: Next d.o.o., Einspielerjeva ulica 6, 1000 Ljubljana, s pripisom \u00bbza DPO\u00ab, lahko posameznik zahteva&nbsp;<strong>dostop, dopolnitev, popravek, blokiranje<\/strong>&nbsp;oz.&nbsp;<strong>omejitev obdelave<\/strong>&nbsp;ali&nbsp;<strong>izbris osebnih podatkov, ugovarja obdelavi<\/strong>&nbsp;podatkov, ki se obdelujejo v zvezi z njim ter zahteva&nbsp;<strong>prenos podatkov<\/strong>.<\/p>\n\n\n\n<p>Posameznik lahko dane privolitve v obdelavo osebnih kadarkoli trajno ali za\u010dasno, v celoti ali delno prekli\u010de s pisno zahtevo, poslano na naslov: Next d.o.o., Einspielerjeva ulica 6, 1000 Ljubljana, s pripisom \u00bbza DPO\u00ab, oziroma lahko upravlja z danimi privolitvami v njihovem osebnem profilu, ki se nahaja na spletni strani: www.beeping.si. Preklic privolitve ne vpliva na zakonitost obdelave, ki se je na podlagi privolitve izvajala do njenega preklica.<\/p>\n\n\n\n<p>Posameznik ima pravico vlo\u017eiti&nbsp;<strong>prito\u017ebo<\/strong>&nbsp;pri Informacijskem poobla\u0161\u010dencu RS, \u010de meni, da se njegovi osebni podatki shranjujejo ali kako druga\u010de obdelujejo v nasprotju z veljavnimi predpisi, ki urejajo varstvo osebnih podatkov.<\/p>\n\n\n\n<p><strong>Roki hrambe osebnih podatkov&nbsp;<\/strong><\/p>\n\n\n\n<p>Next d.o.o. bo obdeloval osebne podatke v obsegu, ki je potreben za uresni\u010devanje namenov obdelave in dokler bo to potrebno za dosego zasledovanega cilja, \u010de so pridobljeni na podlagi privolitve, pa do preklica.<\/p>\n\n\n\n<p>Osebne podatke tako obdeluje do izpolnitve namena oziroma v okviru zastaralnih rokov za obveznosti, ki bi lahko izvirale iz obdelave teh osebnih podatkov, \u0161e posebej, ko je obdelava osebnih podatkov potrebna v okviru sklenitve oziroma izvedbe pogodbe, razen v primerih, ko je rok hrambe osebnih podatkov zapovedan z zakonom. V slednjih primerih Next d.o.o. podatke hrani v skladu z zakonsko zapovedjo.<\/p>","protected":false},"excerpt":{"rendered":"<p>Vizija zasebnosti V sodobni dru\u017ebi je pravica do zasebnosti ena najpomembnej\u0161ih \u010dlovekovih pravic. V Next d.o.o., se tega zavedamo in spo\u0161tujemo zasebnost na\u0161ih strank, zato z njihovimi osebnimi podatki ravnamo odgovorno, pazljivo in skladno z v Republiki Sloveniji veljavnimi predpisi &hellip; <a href=\"https:\/\/www.beeping.si\/it\/splosna-uredba-o-varstvu-zasebnosti\/\">Read More<\/a><\/p>","protected":false},"author":9,"featured_media":0,"parent":0,"menu_order":7,"comment_status":"closed","ping_status":"closed","template":"","meta":{"footnotes":""},"class_list":["post-1465","page","type-page","status-publish","hentry"],"yoast_head":"<!-- This site is optimized with the Yoast SEO plugin v27.4 - https:\/\/yoast.com\/product\/yoast-seo-wordpress\/ -->\n<title>Splo\u0161na uredba o varstvu zasebnosti - Beeping<\/title>\n<meta name=\"description\" content=\"Podroben opis uredbe o varstvu zasebnosti.\" \/>\n<meta name=\"robots\" content=\"index, follow, max-snippet:-1, max-image-preview:large, max-video-preview:-1\" \/>\n<link rel=\"canonical\" href=\"https:\/\/www.beeping.si\/it\/splosna-uredba-o-varstvu-zasebnosti\/\" \/>\n<meta property=\"og:locale\" content=\"it_IT\" \/>\n<meta property=\"og:type\" content=\"article\" \/>\n<meta property=\"og:title\" content=\"Splo\u0161na uredba o varstvu zasebnosti - Beeping\" \/>\n<meta property=\"og:description\" content=\"Podroben opis uredbe o varstvu zasebnosti.\" \/>\n<meta property=\"og:url\" content=\"https:\/\/www.beeping.si\/it\/splosna-uredba-o-varstvu-zasebnosti\/\" \/>\n<meta property=\"og:site_name\" content=\"Beeping\" \/>\n<meta property=\"article:modified_time\" content=\"2022-04-20T08:15:43+00:00\" \/>\n<meta name=\"twitter:card\" content=\"summary_large_image\" \/>\n<meta name=\"twitter:label1\" content=\"Tempo di lettura stimato\" \/>\n\t<meta name=\"twitter:data1\" content=\"7 minuti\" \/>\n<script type=\"application\/ld+json\" class=\"yoast-schema-graph\">{\"@context\":\"https:\\\/\\\/schema.org\",\"@graph\":[{\"@type\":\"WebPage\",\"@id\":\"https:\\\/\\\/www.beeping.si\\\/splosna-uredba-o-varstvu-zasebnosti\\\/\",\"url\":\"https:\\\/\\\/www.beeping.si\\\/splosna-uredba-o-varstvu-zasebnosti\\\/\",\"name\":\"Splo\u0161na uredba o varstvu zasebnosti - Beeping\",\"isPartOf\":{\"@id\":\"https:\\\/\\\/www.beeping.si\\\/#website\"},\"datePublished\":\"2022-03-16T16:09:51+00:00\",\"dateModified\":\"2022-04-20T08:15:43+00:00\",\"description\":\"Podroben opis uredbe o varstvu zasebnosti.\",\"breadcrumb\":{\"@id\":\"https:\\\/\\\/www.beeping.si\\\/splosna-uredba-o-varstvu-zasebnosti\\\/#breadcrumb\"},\"inLanguage\":\"it-IT\",\"potentialAction\":[{\"@type\":\"ReadAction\",\"target\":[\"https:\\\/\\\/www.beeping.si\\\/splosna-uredba-o-varstvu-zasebnosti\\\/\"]}]},{\"@type\":\"BreadcrumbList\",\"@id\":\"https:\\\/\\\/www.beeping.si\\\/splosna-uredba-o-varstvu-zasebnosti\\\/#breadcrumb\",\"itemListElement\":[{\"@type\":\"ListItem\",\"position\":1,\"name\":\"Home\",\"item\":\"https:\\\/\\\/www.beeping.si\\\/\"},{\"@type\":\"ListItem\",\"position\":2,\"name\":\"Splo\u0161na uredba o varstvu zasebnosti\"}]},{\"@type\":\"WebSite\",\"@id\":\"https:\\\/\\\/www.beeping.si\\\/#website\",\"url\":\"https:\\\/\\\/www.beeping.si\\\/\",\"name\":\"Beeping\",\"description\":\"\u010ci\u0161\u010denje va\u0161ega doma\",\"publisher\":{\"@id\":\"https:\\\/\\\/www.beeping.si\\\/#organization\"},\"potentialAction\":[{\"@type\":\"SearchAction\",\"target\":{\"@type\":\"EntryPoint\",\"urlTemplate\":\"https:\\\/\\\/www.beeping.si\\\/?s={search_term_string}\"},\"query-input\":{\"@type\":\"PropertyValueSpecification\",\"valueRequired\":true,\"valueName\":\"search_term_string\"}}],\"inLanguage\":\"it-IT\"},{\"@type\":\"Organization\",\"@id\":\"https:\\\/\\\/www.beeping.si\\\/#organization\",\"name\":\"Beeping\",\"url\":\"https:\\\/\\\/www.beeping.si\\\/\",\"logo\":{\"@type\":\"ImageObject\",\"inLanguage\":\"it-IT\",\"@id\":\"https:\\\/\\\/www.beeping.si\\\/#\\\/schema\\\/logo\\\/image\\\/\",\"url\":\"https:\\\/\\\/www.beeping.si\\\/wp-content\\\/uploads\\\/2022\\\/03\\\/beeping-logo-2.png\",\"contentUrl\":\"https:\\\/\\\/www.beeping.si\\\/wp-content\\\/uploads\\\/2022\\\/03\\\/beeping-logo-2.png\",\"width\":153,\"height\":41,\"caption\":\"Beeping\"},\"image\":{\"@id\":\"https:\\\/\\\/www.beeping.si\\\/#\\\/schema\\\/logo\\\/image\\\/\"}}]}<\/script>\n<!-- \/ Yoast SEO plugin. -->","yoast_head_json":{"title":"Splo\u0161na uredba o varstvu zasebnosti - Beeping","description":"Podroben opis uredbe o varstvu zasebnosti.","robots":{"index":"index","follow":"follow","max-snippet":"max-snippet:-1","max-image-preview":"max-image-preview:large","max-video-preview":"max-video-preview:-1"},"canonical":"https:\/\/www.beeping.si\/it\/splosna-uredba-o-varstvu-zasebnosti\/","og_locale":"it_IT","og_type":"article","og_title":"Splo\u0161na uredba o varstvu zasebnosti - Beeping","og_description":"Podroben opis uredbe o varstvu zasebnosti.","og_url":"https:\/\/www.beeping.si\/it\/splosna-uredba-o-varstvu-zasebnosti\/","og_site_name":"Beeping","article_modified_time":"2022-04-20T08:15:43+00:00","twitter_card":"summary_large_image","twitter_misc":{"Tempo di lettura stimato":"7 minuti"},"schema":{"@context":"https:\/\/schema.org","@graph":[{"@type":"WebPage","@id":"https:\/\/www.beeping.si\/splosna-uredba-o-varstvu-zasebnosti\/","url":"https:\/\/www.beeping.si\/splosna-uredba-o-varstvu-zasebnosti\/","name":"Splo\u0161na uredba o varstvu zasebnosti - Beeping","isPartOf":{"@id":"https:\/\/www.beeping.si\/#website"},"datePublished":"2022-03-16T16:09:51+00:00","dateModified":"2022-04-20T08:15:43+00:00","description":"Podroben opis uredbe o varstvu zasebnosti.","breadcrumb":{"@id":"https:\/\/www.beeping.si\/splosna-uredba-o-varstvu-zasebnosti\/#breadcrumb"},"inLanguage":"it-IT","potentialAction":[{"@type":"ReadAction","target":["https:\/\/www.beeping.si\/splosna-uredba-o-varstvu-zasebnosti\/"]}]},{"@type":"BreadcrumbList","@id":"https:\/\/www.beeping.si\/splosna-uredba-o-varstvu-zasebnosti\/#breadcrumb","itemListElement":[{"@type":"ListItem","position":1,"name":"Home","item":"https:\/\/www.beeping.si\/"},{"@type":"ListItem","position":2,"name":"Splo\u0161na uredba o varstvu zasebnosti"}]},{"@type":"WebSite","@id":"https:\/\/www.beeping.si\/#website","url":"https:\/\/www.beeping.si\/","name":"Beeping","description":"\u010ci\u0161\u010denje va\u0161ega doma","publisher":{"@id":"https:\/\/www.beeping.si\/#organization"},"potentialAction":[{"@type":"SearchAction","target":{"@type":"EntryPoint","urlTemplate":"https:\/\/www.beeping.si\/?s={search_term_string}"},"query-input":{"@type":"PropertyValueSpecification","valueRequired":true,"valueName":"search_term_string"}}],"inLanguage":"it-IT"},{"@type":"Organization","@id":"https:\/\/www.beeping.si\/#organization","name":"Beeping","url":"https:\/\/www.beeping.si\/","logo":{"@type":"ImageObject","inLanguage":"it-IT","@id":"https:\/\/www.beeping.si\/#\/schema\/logo\/image\/","url":"https:\/\/www.beeping.si\/wp-content\/uploads\/2022\/03\/beeping-logo-2.png","contentUrl":"https:\/\/www.beeping.si\/wp-content\/uploads\/2022\/03\/beeping-logo-2.png","width":153,"height":41,"caption":"Beeping"},"image":{"@id":"https:\/\/www.beeping.si\/#\/schema\/logo\/image\/"}}]}},"_links":{"self":[{"href":"https:\/\/www.beeping.si\/it\/wp-json\/wp\/v2\/pages\/1465","targetHints":{"allow":["GET"]}}],"collection":[{"href":"https:\/\/www.beeping.si\/it\/wp-json\/wp\/v2\/pages"}],"about":[{"href":"https:\/\/www.beeping.si\/it\/wp-json\/wp\/v2\/types\/page"}],"author":[{"embeddable":true,"href":"https:\/\/www.beeping.si\/it\/wp-json\/wp\/v2\/users\/9"}],"replies":[{"embeddable":true,"href":"https:\/\/www.beeping.si\/it\/wp-json\/wp\/v2\/comments?post=1465"}],"version-history":[{"count":5,"href":"https:\/\/www.beeping.si\/it\/wp-json\/wp\/v2\/pages\/1465\/revisions"}],"predecessor-version":[{"id":4425,"href":"https:\/\/www.beeping.si\/it\/wp-json\/wp\/v2\/pages\/1465\/revisions\/4425"}],"wp:attachment":[{"href":"https:\/\/www.beeping.si\/it\/wp-json\/wp\/v2\/media?parent=1465"}],"curies":[{"name":"wp","href":"https:\/\/api.w.org\/{rel}","templated":true}]}}