{"id":5509,"date":"2024-07-22T16:21:24","date_gmt":"2024-07-22T14:21:24","guid":{"rendered":"https:\/\/www.beeping.si\/?page_id=5509"},"modified":"2024-07-23T13:19:09","modified_gmt":"2024-07-23T11:19:09","slug":"tehnicne-storitve-za-prepoznavanje-napak","status":"publish","type":"page","link":"https:\/\/www.beeping.si\/it\/tehnicne-storitve-za-prepoznavanje-napak\/","title":{"rendered":"Descrizione dei mezzi tecnici per l'identificazione e la correzione dei guasti"},"content":{"rendered":"<div data-elementor-type=\"wp-page\" data-elementor-id=\"5509\" class=\"elementor elementor-5509\" data-elementor-post-type=\"page\">\n\t\t\t\t\t\t<section class=\"elementor-section elementor-top-section elementor-element elementor-element-edf1f97 elementor-section-boxed elementor-section-height-default elementor-section-height-default\" data-id=\"edf1f97\" data-element_type=\"section\" data-e-type=\"section\">\n\t\t\t\t\t\t<div class=\"elementor-container elementor-column-gap-default\">\n\t\t\t\t\t<div class=\"elementor-column elementor-col-100 elementor-top-column elementor-element elementor-element-8c1dcb2\" data-id=\"8c1dcb2\" data-element_type=\"column\" data-e-type=\"column\">\n\t\t\t<div class=\"elementor-widget-wrap elementor-element-populated\">\n\t\t\t\t\t\t<div class=\"elementor-element elementor-element-2cf38d5 elementor-widget elementor-widget-heading\" data-id=\"2cf38d5\" data-element_type=\"widget\" data-e-type=\"widget\" data-widget_type=\"heading.default\">\n\t\t\t\t<div class=\"elementor-widget-container\">\n\t\t\t\t\t<h2 class=\"elementor-heading-title elementor-size-default\">Opis tehni\u010dnih sredstev za prepoznavanje napak ob naro\u010dilu<\/h2>\t\t\t\t<\/div>\n\t\t\t\t<\/div>\n\t\t\t\t\t<\/div>\n\t\t<\/div>\n\t\t\t\t\t<\/div>\n\t\t<\/section>\n\t\t\t\t<section class=\"elementor-section elementor-top-section elementor-element elementor-element-55cb667 elementor-section-boxed elementor-section-height-default elementor-section-height-default\" data-id=\"55cb667\" data-element_type=\"section\" data-e-type=\"section\">\n\t\t\t\t\t\t<div class=\"elementor-container elementor-column-gap-default\">\n\t\t\t\t\t<div class=\"elementor-column elementor-col-100 elementor-top-column elementor-element elementor-element-b52384f\" data-id=\"b52384f\" data-element_type=\"column\" data-e-type=\"column\">\n\t\t\t<div class=\"elementor-widget-wrap elementor-element-populated\">\n\t\t\t\t\t\t<div class=\"elementor-element elementor-element-16bbe6e elementor-widget elementor-widget-text-editor\" data-id=\"16bbe6e\" data-element_type=\"widget\" data-e-type=\"widget\" data-widget_type=\"text-editor.default\">\n\t\t\t\t<div class=\"elementor-widget-container\">\n\t\t\t\t\t\t\t\t\t<p>Kupec lahko pred oddajo naro\u010dila izbira, in po potrebi spremeni izbrane mo\u017enosti, kot so kvadratura<\/p>\t\t\t\t\t\t\t\t<\/div>\n\t\t\t\t<\/div>\n\t\t\t\t<div class=\"elementor-element elementor-element-ec9a6f9 elementor-widget elementor-widget-image\" data-id=\"ec9a6f9\" data-element_type=\"widget\" data-e-type=\"widget\" data-widget_type=\"image.default\">\n\t\t\t\t<div class=\"elementor-widget-container\">\n\t\t\t\t\t\t\t\t\t\t\t\t\t\t\t<img data-rjs=\"2\" fetchpriority=\"high\" decoding=\"async\" width=\"353\" height=\"445\" src=\"https:\/\/www.beeping.si\/wp-content\/uploads\/2024\/07\/11.png\" class=\"attachment-large size-large wp-image-5542\" alt=\"\" srcset=\"https:\/\/www.beeping.si\/wp-content\/uploads\/2024\/07\/11.png 353w, https:\/\/www.beeping.si\/wp-content\/uploads\/2024\/07\/11-10x12.png 10w\" sizes=\"(max-width: 353px) 100vw, 353px\" \/>\t\t\t\t\t\t\t\t\t\t\t\t\t\t\t<\/div>\n\t\t\t\t<\/div>\n\t\t\t\t<div class=\"elementor-element elementor-element-ce1fb93 elementor-widget elementor-widget-text-editor\" data-id=\"ce1fb93\" data-element_type=\"widget\" data-e-type=\"widget\" data-widget_type=\"text-editor.default\">\n\t\t\t\t<div class=\"elementor-widget-container\">\n\t\t\t\t\t\t\t\t\t<p>Datum \u010di\u0161\u010denja<\/p>\t\t\t\t\t\t\t\t<\/div>\n\t\t\t\t<\/div>\n\t\t\t\t<div class=\"elementor-element elementor-element-259d617 elementor-widget elementor-widget-image\" data-id=\"259d617\" data-element_type=\"widget\" data-e-type=\"widget\" data-widget_type=\"image.default\">\n\t\t\t\t<div class=\"elementor-widget-container\">\n\t\t\t\t\t\t\t\t\t\t\t\t\t\t\t<img data-rjs=\"2\" decoding=\"async\" width=\"469\" height=\"288\" src=\"https:\/\/www.beeping.si\/wp-content\/uploads\/2024\/07\/22.png\" class=\"attachment-large size-large wp-image-5543\" alt=\"\" srcset=\"https:\/\/www.beeping.si\/wp-content\/uploads\/2024\/07\/22.png 469w, https:\/\/www.beeping.si\/wp-content\/uploads\/2024\/07\/22-18x12.png 18w\" sizes=\"(max-width: 469px) 100vw, 469px\" \/>\t\t\t\t\t\t\t\t\t\t\t\t\t\t\t<\/div>\n\t\t\t\t<\/div>\n\t\t\t\t<div class=\"elementor-element elementor-element-a426361 elementor-widget elementor-widget-text-editor\" data-id=\"a426361\" data-element_type=\"widget\" data-e-type=\"widget\" data-widget_type=\"text-editor.default\">\n\t\t\t\t<div class=\"elementor-widget-container\">\n\t\t\t\t\t\t\t\t\t<p>Ura \u010di\u0161\u010denja<\/p>\t\t\t\t\t\t\t\t<\/div>\n\t\t\t\t<\/div>\n\t\t\t\t<div class=\"elementor-element elementor-element-0460a46 elementor-widget elementor-widget-image\" data-id=\"0460a46\" data-element_type=\"widget\" data-e-type=\"widget\" data-widget_type=\"image.default\">\n\t\t\t\t<div class=\"elementor-widget-container\">\n\t\t\t\t\t\t\t\t\t\t\t\t\t\t\t<img data-rjs=\"2\" decoding=\"async\" width=\"528\" height=\"371\" src=\"https:\/\/www.beeping.si\/wp-content\/uploads\/2024\/07\/33.png\" class=\"attachment-large size-large wp-image-5544\" alt=\"\" srcset=\"https:\/\/www.beeping.si\/wp-content\/uploads\/2024\/07\/33.png 528w, https:\/\/www.beeping.si\/wp-content\/uploads\/2024\/07\/33-18x12.png 18w\" sizes=\"(max-width: 528px) 100vw, 528px\" \/>\t\t\t\t\t\t\t\t\t\t\t\t\t\t\t<\/div>\n\t\t\t\t<\/div>\n\t\t\t\t\t<\/div>\n\t\t<\/div>\n\t\t\t\t\t<\/div>\n\t\t<\/section>\n\t\t\t\t<section class=\"elementor-section elementor-top-section elementor-element elementor-element-b385cdc elementor-section-boxed elementor-section-height-default elementor-section-height-default\" data-id=\"b385cdc\" data-element_type=\"section\" data-e-type=\"section\">\n\t\t\t\t\t\t<div class=\"elementor-container elementor-column-gap-default\">\n\t\t\t\t\t<div class=\"elementor-column elementor-col-100 elementor-top-column elementor-element elementor-element-4aef997\" data-id=\"4aef997\" data-element_type=\"column\" data-e-type=\"column\">\n\t\t\t<div class=\"elementor-widget-wrap elementor-element-populated\">\n\t\t\t\t\t\t<div class=\"elementor-element elementor-element-6cd7467 elementor-widget elementor-widget-text-editor\" data-id=\"6cd7467\" data-element_type=\"widget\" data-e-type=\"widget\" data-widget_type=\"text-editor.default\">\n\t\t\t\t<div class=\"elementor-widget-container\">\n\t\t\t\t\t\t\t\t\t<p>Frekvenca naro\u010denega \u010di\u0161\u010denja<\/p>\t\t\t\t\t\t\t\t<\/div>\n\t\t\t\t<\/div>\n\t\t\t\t<div class=\"elementor-element elementor-element-95ed181 elementor-widget elementor-widget-image\" data-id=\"95ed181\" data-element_type=\"widget\" data-e-type=\"widget\" data-widget_type=\"image.default\">\n\t\t\t\t<div class=\"elementor-widget-container\">\n\t\t\t\t\t\t\t\t\t\t\t\t\t\t\t<img data-rjs=\"2\" loading=\"lazy\" decoding=\"async\" width=\"548\" height=\"132\" src=\"https:\/\/www.beeping.si\/wp-content\/uploads\/2024\/07\/44.png\" class=\"attachment-large size-large wp-image-5545\" alt=\"\" srcset=\"https:\/\/www.beeping.si\/wp-content\/uploads\/2024\/07\/44.png 548w, https:\/\/www.beeping.si\/wp-content\/uploads\/2024\/07\/44-18x4.png 18w\" sizes=\"(max-width: 548px) 100vw, 548px\" \/>\t\t\t\t\t\t\t\t\t\t\t\t\t\t\t<\/div>\n\t\t\t\t<\/div>\n\t\t\t\t\t<\/div>\n\t\t<\/div>\n\t\t\t\t\t<\/div>\n\t\t<\/section>\n\t\t\t\t<section class=\"elementor-section elementor-top-section elementor-element elementor-element-a0fb098 elementor-section-boxed elementor-section-height-default elementor-section-height-default\" data-id=\"a0fb098\" data-element_type=\"section\" data-e-type=\"section\">\n\t\t\t\t\t\t<div class=\"elementor-container elementor-column-gap-default\">\n\t\t\t\t\t<div class=\"elementor-column elementor-col-100 elementor-top-column elementor-element elementor-element-fad4a8a\" data-id=\"fad4a8a\" data-element_type=\"column\" data-e-type=\"column\">\n\t\t\t<div class=\"elementor-widget-wrap elementor-element-populated\">\n\t\t\t\t\t\t<div class=\"elementor-element elementor-element-5835c55 elementor-widget elementor-widget-text-editor\" data-id=\"5835c55\" data-element_type=\"widget\" data-e-type=\"widget\" data-widget_type=\"text-editor.default\">\n\t\t\t\t<div class=\"elementor-widget-container\">\n\t\t\t\t\t\t\t\t\t<p>Izbrana vezava (v primeru izbrane ene izmed opcij: tedensko, na 2 tedna, na 4 tedne)<\/p>\t\t\t\t\t\t\t\t<\/div>\n\t\t\t\t<\/div>\n\t\t\t\t<div class=\"elementor-element elementor-element-00c93d6 elementor-widget elementor-widget-image\" data-id=\"00c93d6\" data-element_type=\"widget\" data-e-type=\"widget\" data-widget_type=\"image.default\">\n\t\t\t\t<div class=\"elementor-widget-container\">\n\t\t\t\t\t\t\t\t\t\t\t\t\t\t\t<img data-rjs=\"2\" loading=\"lazy\" decoding=\"async\" width=\"536\" height=\"183\" src=\"https:\/\/www.beeping.si\/wp-content\/uploads\/2024\/07\/55.png\" class=\"attachment-large size-large wp-image-5546\" alt=\"\" srcset=\"https:\/\/www.beeping.si\/wp-content\/uploads\/2024\/07\/55.png 536w, https:\/\/www.beeping.si\/wp-content\/uploads\/2024\/07\/55-18x6.png 18w\" sizes=\"(max-width: 536px) 100vw, 536px\" \/>\t\t\t\t\t\t\t\t\t\t\t\t\t\t\t<\/div>\n\t\t\t\t<\/div>\n\t\t\t\t\t<\/div>\n\t\t<\/div>\n\t\t\t\t\t<\/div>\n\t\t<\/section>\n\t\t\t\t<section class=\"elementor-section elementor-top-section elementor-element elementor-element-ebd2355 elementor-section-boxed elementor-section-height-default elementor-section-height-default\" data-id=\"ebd2355\" data-element_type=\"section\" data-e-type=\"section\">\n\t\t\t\t\t\t<div class=\"elementor-container elementor-column-gap-default\">\n\t\t\t\t\t<div class=\"elementor-column elementor-col-100 elementor-top-column elementor-element elementor-element-dbf9579\" data-id=\"dbf9579\" data-element_type=\"column\" data-e-type=\"column\">\n\t\t\t<div class=\"elementor-widget-wrap elementor-element-populated\">\n\t\t\t\t\t\t<div class=\"elementor-element elementor-element-9fb2067 elementor-widget elementor-widget-text-editor\" data-id=\"9fb2067\" data-element_type=\"widget\" data-e-type=\"widget\" data-widget_type=\"text-editor.default\">\n\t\t\t\t<div class=\"elementor-widget-container\">\n\t\t\t\t\t\t\t\t\t<p>Dodatki, ki jih uporabnik lahko izbira, niso pa obvezni<\/p>\t\t\t\t\t\t\t\t<\/div>\n\t\t\t\t<\/div>\n\t\t\t\t<div class=\"elementor-element elementor-element-7bba1f1 elementor-widget elementor-widget-image\" data-id=\"7bba1f1\" data-element_type=\"widget\" data-e-type=\"widget\" data-widget_type=\"image.default\">\n\t\t\t\t<div class=\"elementor-widget-container\">\n\t\t\t\t\t\t\t\t\t\t\t\t\t\t\t<img data-rjs=\"2\" loading=\"lazy\" decoding=\"async\" width=\"523\" height=\"131\" src=\"https:\/\/www.beeping.si\/wp-content\/uploads\/2024\/07\/66.png\" class=\"attachment-large size-large wp-image-5547\" alt=\"\" srcset=\"https:\/\/www.beeping.si\/wp-content\/uploads\/2024\/07\/66.png 523w, https:\/\/www.beeping.si\/wp-content\/uploads\/2024\/07\/66-18x5.png 18w\" sizes=\"(max-width: 523px) 100vw, 523px\" \/>\t\t\t\t\t\t\t\t\t\t\t\t\t\t\t<\/div>\n\t\t\t\t<\/div>\n\t\t\t\t\t<\/div>\n\t\t<\/div>\n\t\t\t\t\t<\/div>\n\t\t<\/section>\n\t\t\t\t<section class=\"elementor-section elementor-top-section elementor-element elementor-element-09f5764 elementor-section-boxed elementor-section-height-default elementor-section-height-default\" data-id=\"09f5764\" data-element_type=\"section\" data-e-type=\"section\">\n\t\t\t\t\t\t<div class=\"elementor-container elementor-column-gap-default\">\n\t\t\t\t\t<div class=\"elementor-column elementor-col-100 elementor-top-column elementor-element elementor-element-f0099e4\" data-id=\"f0099e4\" data-element_type=\"column\" data-e-type=\"column\">\n\t\t\t<div class=\"elementor-widget-wrap elementor-element-populated\">\n\t\t\t\t\t\t<div class=\"elementor-element elementor-element-9a51737 elementor-widget elementor-widget-text-editor\" data-id=\"9a51737\" data-element_type=\"widget\" data-e-type=\"widget\" data-widget_type=\"text-editor.default\">\n\t\t\t\t<div class=\"elementor-widget-container\">\n\t\t\t\t\t\t\t\t\t<p>Podatke glede uporabni\u0161kega profila lahko pa Uporabnik pred oddajo naro\u010dila ureja v svojem uporabni\u0161kem profilu (izbira \u2018\u2019Nastavitve profila\u2019\u2019):<\/p>\t\t\t\t\t\t\t\t<\/div>\n\t\t\t\t<\/div>\n\t\t\t\t<div class=\"elementor-element elementor-element-07e25e3 elementor-widget elementor-widget-image\" data-id=\"07e25e3\" data-element_type=\"widget\" data-e-type=\"widget\" data-widget_type=\"image.default\">\n\t\t\t\t<div class=\"elementor-widget-container\">\n\t\t\t\t\t\t\t\t\t\t\t\t\t\t\t<img data-rjs=\"2\" loading=\"lazy\" decoding=\"async\" width=\"157\" height=\"139\" src=\"https:\/\/www.beeping.si\/wp-content\/uploads\/2024\/07\/77.png\" class=\"attachment-large size-large wp-image-5548\" alt=\"\" srcset=\"https:\/\/www.beeping.si\/wp-content\/uploads\/2024\/07\/77.png 157w, https:\/\/www.beeping.si\/wp-content\/uploads\/2024\/07\/77-14x12.png 14w\" sizes=\"(max-width: 157px) 100vw, 157px\" \/>\t\t\t\t\t\t\t\t\t\t\t\t\t\t\t<\/div>\n\t\t\t\t<\/div>\n\t\t\t\t\t<\/div>\n\t\t<\/div>\n\t\t\t\t\t<\/div>\n\t\t<\/section>\n\t\t\t\t<\/div>","protected":false},"excerpt":{"rendered":"<p>Opis tehni\u010dnih sredstev za prepoznavanje napak ob naro\u010dilu Kupec lahko pred oddajo naro\u010dila izbira, in po potrebi spremeni izbrane mo\u017enosti, kot so kvadratura Datum \u010di\u0161\u010denja Ura \u010di\u0161\u010denja Frekvenca naro\u010denega \u010di\u0161\u010denja Izbrana vezava (v primeru izbrane ene izmed opcij: tedensko, na &hellip; <a href=\"https:\/\/www.beeping.si\/it\/tehnicne-storitve-za-prepoznavanje-napak\/\">Read More<\/a><\/p>","protected":false},"author":9,"featured_media":0,"parent":0,"menu_order":6,"comment_status":"closed","ping_status":"closed","template":"","meta":{"footnotes":""},"class_list":["post-5509","page","type-page","status-publish","hentry"],"yoast_head":"<!-- This site is optimized with the Yoast SEO plugin v27.4 - https:\/\/yoast.com\/product\/yoast-seo-wordpress\/ -->\n<title>Opis tehni\u010dnih sredstev za prepoznavanje in odpravo napak - Beeping<\/title>\n<meta name=\"description\" content=\"Opis pogojev sodelovanja, kak\u0161na so pravila, kako in na kak\u0161en na\u010din nudimo na\u0161e storitve.\" \/>\n<meta name=\"robots\" content=\"index, follow, max-snippet:-1, max-image-preview:large, max-video-preview:-1\" \/>\n<link rel=\"canonical\" href=\"https:\/\/www.beeping.si\/it\/tehnicne-storitve-za-prepoznavanje-napak\/\" \/>\n<meta property=\"og:locale\" content=\"it_IT\" \/>\n<meta property=\"og:type\" content=\"article\" \/>\n<meta property=\"og:title\" content=\"Opis tehni\u010dnih sredstev za prepoznavanje in odpravo napak - Beeping\" \/>\n<meta property=\"og:description\" content=\"Opis pogojev sodelovanja, kak\u0161na so pravila, kako in na kak\u0161en na\u010din nudimo na\u0161e storitve.\" \/>\n<meta property=\"og:url\" content=\"https:\/\/www.beeping.si\/it\/tehnicne-storitve-za-prepoznavanje-napak\/\" \/>\n<meta property=\"og:site_name\" content=\"Beeping\" \/>\n<meta property=\"article:modified_time\" content=\"2024-07-23T11:19:09+00:00\" \/>\n<meta property=\"og:image\" content=\"https:\/\/www.beeping.si\/wp-content\/uploads\/2024\/07\/11.png\" \/>\n<meta name=\"twitter:card\" content=\"summary_large_image\" \/>\n<meta name=\"twitter:label1\" content=\"Tempo di lettura stimato\" \/>\n\t<meta name=\"twitter:data1\" content=\"2 minuti\" \/>\n<script type=\"application\/ld+json\" class=\"yoast-schema-graph\">{\"@context\":\"https:\\\/\\\/schema.org\",\"@graph\":[{\"@type\":\"WebPage\",\"@id\":\"https:\\\/\\\/www.beeping.si\\\/tehnicne-storitve-za-prepoznavanje-napak\\\/\",\"url\":\"https:\\\/\\\/www.beeping.si\\\/tehnicne-storitve-za-prepoznavanje-napak\\\/\",\"name\":\"Opis tehni\u010dnih sredstev za prepoznavanje in odpravo napak - Beeping\",\"isPartOf\":{\"@id\":\"https:\\\/\\\/www.beeping.si\\\/#website\"},\"primaryImageOfPage\":{\"@id\":\"https:\\\/\\\/www.beeping.si\\\/tehnicne-storitve-za-prepoznavanje-napak\\\/#primaryimage\"},\"image\":{\"@id\":\"https:\\\/\\\/www.beeping.si\\\/tehnicne-storitve-za-prepoznavanje-napak\\\/#primaryimage\"},\"thumbnailUrl\":\"https:\\\/\\\/www.beeping.si\\\/wp-content\\\/uploads\\\/2024\\\/07\\\/11.png\",\"datePublished\":\"2024-07-22T14:21:24+00:00\",\"dateModified\":\"2024-07-23T11:19:09+00:00\",\"description\":\"Opis pogojev sodelovanja, kak\u0161na so pravila, kako in na kak\u0161en na\u010din nudimo na\u0161e storitve.\",\"breadcrumb\":{\"@id\":\"https:\\\/\\\/www.beeping.si\\\/tehnicne-storitve-za-prepoznavanje-napak\\\/#breadcrumb\"},\"inLanguage\":\"it-IT\",\"potentialAction\":[{\"@type\":\"ReadAction\",\"target\":[\"https:\\\/\\\/www.beeping.si\\\/tehnicne-storitve-za-prepoznavanje-napak\\\/\"]}]},{\"@type\":\"ImageObject\",\"inLanguage\":\"it-IT\",\"@id\":\"https:\\\/\\\/www.beeping.si\\\/tehnicne-storitve-za-prepoznavanje-napak\\\/#primaryimage\",\"url\":\"https:\\\/\\\/www.beeping.si\\\/wp-content\\\/uploads\\\/2024\\\/07\\\/11.png\",\"contentUrl\":\"https:\\\/\\\/www.beeping.si\\\/wp-content\\\/uploads\\\/2024\\\/07\\\/11.png\"},{\"@type\":\"BreadcrumbList\",\"@id\":\"https:\\\/\\\/www.beeping.si\\\/tehnicne-storitve-za-prepoznavanje-napak\\\/#breadcrumb\",\"itemListElement\":[{\"@type\":\"ListItem\",\"position\":1,\"name\":\"Home\",\"item\":\"https:\\\/\\\/www.beeping.si\\\/\"},{\"@type\":\"ListItem\",\"position\":2,\"name\":\"Opis tehni\u010dnih sredstev za prepoznavanje in odpravo napak\"}]},{\"@type\":\"WebSite\",\"@id\":\"https:\\\/\\\/www.beeping.si\\\/#website\",\"url\":\"https:\\\/\\\/www.beeping.si\\\/\",\"name\":\"Beeping\",\"description\":\"\u010ci\u0161\u010denje va\u0161ega doma\",\"publisher\":{\"@id\":\"https:\\\/\\\/www.beeping.si\\\/#organization\"},\"potentialAction\":[{\"@type\":\"SearchAction\",\"target\":{\"@type\":\"EntryPoint\",\"urlTemplate\":\"https:\\\/\\\/www.beeping.si\\\/?s={search_term_string}\"},\"query-input\":{\"@type\":\"PropertyValueSpecification\",\"valueRequired\":true,\"valueName\":\"search_term_string\"}}],\"inLanguage\":\"it-IT\"},{\"@type\":\"Organization\",\"@id\":\"https:\\\/\\\/www.beeping.si\\\/#organization\",\"name\":\"Beeping\",\"url\":\"https:\\\/\\\/www.beeping.si\\\/\",\"logo\":{\"@type\":\"ImageObject\",\"inLanguage\":\"it-IT\",\"@id\":\"https:\\\/\\\/www.beeping.si\\\/#\\\/schema\\\/logo\\\/image\\\/\",\"url\":\"https:\\\/\\\/www.beeping.si\\\/wp-content\\\/uploads\\\/2022\\\/03\\\/beeping-logo-2.png\",\"contentUrl\":\"https:\\\/\\\/www.beeping.si\\\/wp-content\\\/uploads\\\/2022\\\/03\\\/beeping-logo-2.png\",\"width\":153,\"height\":41,\"caption\":\"Beeping\"},\"image\":{\"@id\":\"https:\\\/\\\/www.beeping.si\\\/#\\\/schema\\\/logo\\\/image\\\/\"}}]}<\/script>\n<!-- \/ Yoast SEO plugin. -->","yoast_head_json":{"title":"Opis tehni\u010dnih sredstev za prepoznavanje in odpravo napak - Beeping","description":"Opis pogojev sodelovanja, kak\u0161na so pravila, kako in na kak\u0161en na\u010din nudimo na\u0161e storitve.","robots":{"index":"index","follow":"follow","max-snippet":"max-snippet:-1","max-image-preview":"max-image-preview:large","max-video-preview":"max-video-preview:-1"},"canonical":"https:\/\/www.beeping.si\/it\/tehnicne-storitve-za-prepoznavanje-napak\/","og_locale":"it_IT","og_type":"article","og_title":"Opis tehni\u010dnih sredstev za prepoznavanje in odpravo napak - Beeping","og_description":"Opis pogojev sodelovanja, kak\u0161na so pravila, kako in na kak\u0161en na\u010din nudimo na\u0161e storitve.","og_url":"https:\/\/www.beeping.si\/it\/tehnicne-storitve-za-prepoznavanje-napak\/","og_site_name":"Beeping","article_modified_time":"2024-07-23T11:19:09+00:00","og_image":[{"url":"https:\/\/www.beeping.si\/wp-content\/uploads\/2024\/07\/11.png","type":"","width":"","height":""}],"twitter_card":"summary_large_image","twitter_misc":{"Tempo di lettura stimato":"2 minuti"},"schema":{"@context":"https:\/\/schema.org","@graph":[{"@type":"WebPage","@id":"https:\/\/www.beeping.si\/tehnicne-storitve-za-prepoznavanje-napak\/","url":"https:\/\/www.beeping.si\/tehnicne-storitve-za-prepoznavanje-napak\/","name":"Opis tehni\u010dnih sredstev za prepoznavanje in odpravo napak - Beeping","isPartOf":{"@id":"https:\/\/www.beeping.si\/#website"},"primaryImageOfPage":{"@id":"https:\/\/www.beeping.si\/tehnicne-storitve-za-prepoznavanje-napak\/#primaryimage"},"image":{"@id":"https:\/\/www.beeping.si\/tehnicne-storitve-za-prepoznavanje-napak\/#primaryimage"},"thumbnailUrl":"https:\/\/www.beeping.si\/wp-content\/uploads\/2024\/07\/11.png","datePublished":"2024-07-22T14:21:24+00:00","dateModified":"2024-07-23T11:19:09+00:00","description":"Opis pogojev sodelovanja, kak\u0161na so pravila, kako in na kak\u0161en na\u010din nudimo na\u0161e storitve.","breadcrumb":{"@id":"https:\/\/www.beeping.si\/tehnicne-storitve-za-prepoznavanje-napak\/#breadcrumb"},"inLanguage":"it-IT","potentialAction":[{"@type":"ReadAction","target":["https:\/\/www.beeping.si\/tehnicne-storitve-za-prepoznavanje-napak\/"]}]},{"@type":"ImageObject","inLanguage":"it-IT","@id":"https:\/\/www.beeping.si\/tehnicne-storitve-za-prepoznavanje-napak\/#primaryimage","url":"https:\/\/www.beeping.si\/wp-content\/uploads\/2024\/07\/11.png","contentUrl":"https:\/\/www.beeping.si\/wp-content\/uploads\/2024\/07\/11.png"},{"@type":"BreadcrumbList","@id":"https:\/\/www.beeping.si\/tehnicne-storitve-za-prepoznavanje-napak\/#breadcrumb","itemListElement":[{"@type":"ListItem","position":1,"name":"Home","item":"https:\/\/www.beeping.si\/"},{"@type":"ListItem","position":2,"name":"Opis tehni\u010dnih sredstev za prepoznavanje in odpravo napak"}]},{"@type":"WebSite","@id":"https:\/\/www.beeping.si\/#website","url":"https:\/\/www.beeping.si\/","name":"Beeping","description":"\u010ci\u0161\u010denje va\u0161ega doma","publisher":{"@id":"https:\/\/www.beeping.si\/#organization"},"potentialAction":[{"@type":"SearchAction","target":{"@type":"EntryPoint","urlTemplate":"https:\/\/www.beeping.si\/?s={search_term_string}"},"query-input":{"@type":"PropertyValueSpecification","valueRequired":true,"valueName":"search_term_string"}}],"inLanguage":"it-IT"},{"@type":"Organization","@id":"https:\/\/www.beeping.si\/#organization","name":"Beeping","url":"https:\/\/www.beeping.si\/","logo":{"@type":"ImageObject","inLanguage":"it-IT","@id":"https:\/\/www.beeping.si\/#\/schema\/logo\/image\/","url":"https:\/\/www.beeping.si\/wp-content\/uploads\/2022\/03\/beeping-logo-2.png","contentUrl":"https:\/\/www.beeping.si\/wp-content\/uploads\/2022\/03\/beeping-logo-2.png","width":153,"height":41,"caption":"Beeping"},"image":{"@id":"https:\/\/www.beeping.si\/#\/schema\/logo\/image\/"}}]}},"_links":{"self":[{"href":"https:\/\/www.beeping.si\/it\/wp-json\/wp\/v2\/pages\/5509","targetHints":{"allow":["GET"]}}],"collection":[{"href":"https:\/\/www.beeping.si\/it\/wp-json\/wp\/v2\/pages"}],"about":[{"href":"https:\/\/www.beeping.si\/it\/wp-json\/wp\/v2\/types\/page"}],"author":[{"embeddable":true,"href":"https:\/\/www.beeping.si\/it\/wp-json\/wp\/v2\/users\/9"}],"replies":[{"embeddable":true,"href":"https:\/\/www.beeping.si\/it\/wp-json\/wp\/v2\/comments?post=5509"}],"version-history":[{"count":8,"href":"https:\/\/www.beeping.si\/it\/wp-json\/wp\/v2\/pages\/5509\/revisions"}],"predecessor-version":[{"id":5559,"href":"https:\/\/www.beeping.si\/it\/wp-json\/wp\/v2\/pages\/5509\/revisions\/5559"}],"wp:attachment":[{"href":"https:\/\/www.beeping.si\/it\/wp-json\/wp\/v2\/media?parent=5509"}],"curies":[{"name":"wp","href":"https:\/\/api.w.org\/{rel}","templated":true}]}}